{"id":74,"date":"2022-04-27T14:14:21","date_gmt":"2022-04-27T14:14:21","guid":{"rendered":"https:\/\/hugo-chabert.students-laplateforme.io\/WP\/?post_type=product&#038;p=74"},"modified":"2022-04-27T14:14:21","modified_gmt":"2022-04-27T14:14:21","slug":"toyota-yaris-gr","status":"publish","type":"product","link":"https:\/\/hugo-chabert.students-laplateforme.io\/WP\/?product=toyota-yaris-gr","title":{"rendered":"Toyota Yaris GR"},"content":{"rendered":"<p>La\u00a0<b>Yaris<\/b>\u00a0(nomm\u00e9e\u00a0<a class=\"mw-redirect\" title=\"Toyota Vitz\" href=\"https:\/\/fr.wikipedia.org\/wiki\/Toyota_Vitz\">Vitz<\/a>\u00a0au\u00a0<a title=\"Japon\" href=\"https:\/\/fr.wikipedia.org\/wiki\/Japon\">Japon<\/a>\u00a0jusqu&rsquo;en 2020) est une\u00a0<a title=\"Automobile\" href=\"https:\/\/fr.wikipedia.org\/wiki\/Automobile\">automobile<\/a>\u00a0<a title=\"Citadine polyvalente\" href=\"https:\/\/fr.wikipedia.org\/wiki\/Citadine_polyvalente\">citadine<\/a>\u00a0produite par le\u00a0<a title=\"Constructeur automobile\" href=\"https:\/\/fr.wikipedia.org\/wiki\/Constructeur_automobile\">constructeur automobile<\/a>\u00a0<a title=\"Japon\" href=\"https:\/\/fr.wikipedia.org\/wiki\/Japon\">japonais<\/a>\u00a0<a class=\"mw-redirect\" title=\"Toyota (entreprise)\" href=\"https:\/\/fr.wikipedia.org\/wiki\/Toyota_(entreprise)\">Toyota<\/a>\u00a0depuis 1999 au Japon, \u00e0 partir de 2001 en\u00a0<a title=\"France\" href=\"https:\/\/fr.wikipedia.org\/wiki\/France\">France<\/a>\u00a0\u00e0 l&rsquo;usine\u00a0<a title=\"Usine Toyota d'Onnaing\" href=\"https:\/\/fr.wikipedia.org\/wiki\/Usine_Toyota_d%27Onnaing\">TMMF<\/a>\u00a0d&rsquo;<a title=\"Onnaing\" href=\"https:\/\/fr.wikipedia.org\/wiki\/Onnaing\">Onnaing<\/a>\u00a0et \u00e9galement depuis 2021 en\u00a0<a title=\"Tch\u00e9quie\" href=\"https:\/\/fr.wikipedia.org\/wiki\/Tch%C3%A9quie\">Tch\u00e9quie<\/a>\u00a0\u00e0 l&rsquo;usine\u00a0<a title=\"Usine TPCA de Kolin\" href=\"https:\/\/fr.wikipedia.org\/wiki\/Usine_TPCA_de_Kolin\">TMMCZ<\/a>.<\/p>\n<p>En 2012, la Yaris est la premi\u00e8re voiture \u00e0 obtenir le label \u00ab\u00a0<a title=\"Origine France Garantie\" href=\"https:\/\/fr.wikipedia.org\/wiki\/Origine_France_Garantie\">Origine France Garantie<\/a>\u00a0\u00bb. Elle est d&rsquo;ailleurs la voiture la plus produite en France en 2012, 2013, 2014, 2016 et 2017<sup id=\"cite_ref-1\" class=\"reference\"><a href=\"https:\/\/fr.wikipedia.org\/wiki\/Toyota_Yaris#cite_note-1\">1<\/a><\/sup><sup class=\"reference cite_virgule\">,<\/sup><sup id=\"cite_ref-2\" class=\"reference\"><a href=\"https:\/\/fr.wikipedia.org\/wiki\/Toyota_Yaris#cite_note-2\">2<\/a><\/sup>. La Toyota Yaris a remport\u00e9 le \u00ab\u00a0<a title=\"Troph\u00e9e europ\u00e9en de la voiture de l'ann\u00e9e\" href=\"https:\/\/fr.wikipedia.org\/wiki\/Troph%C3%A9e_europ%C3%A9en_de_la_voiture_de_l%27ann%C3%A9e\">Troph\u00e9e europ\u00e9en de la voiture de l&rsquo;ann\u00e9e<\/a>\u00a0\u00bb par deux fois, en 2000 et en 2021 (premi\u00e8re et quatri\u00e8me g\u00e9n\u00e9ration).<\/p>\n","protected":false},"excerpt":{"rendered":"<p>La\u00a0Yaris\u00a0(nomm\u00e9e\u00a0Vitz\u00a0au\u00a0Japon\u00a0jusqu&rsquo;en 2020) est une\u00a0automobile\u00a0citadine\u00a0produite par le\u00a0constructeur automobile\u00a0japonais\u00a0Toyota\u00a0depuis 1999 au Japon, \u00e0 partir de 2001 en\u00a0France\u00a0\u00e0 l&rsquo;usine\u00a0TMMF\u00a0d&rsquo;Onnaing\u00a0et \u00e9galement depuis 2021 en\u00a0Tch\u00e9quie\u00a0\u00e0 l&rsquo;usine\u00a0TMMCZ. En 2012, la Yaris est la premi\u00e8re voiture \u00e0 obtenir le label \u00ab\u00a0Origine France Garantie\u00a0\u00bb. Elle est d&rsquo;ailleurs la voiture la plus produite en France en 2012, 2013, 2014, 2016 et 20171,2. La Toyota [&hellip;]<\/p>\n","protected":false},"featured_media":23,"comment_status":"open","ping_status":"closed","template":"","meta":[],"product_cat":[24],"product_tag":[],"_links":{"self":[{"href":"https:\/\/hugo-chabert.students-laplateforme.io\/WP\/index.php?rest_route=\/wp\/v2\/product\/74"}],"collection":[{"href":"https:\/\/hugo-chabert.students-laplateforme.io\/WP\/index.php?rest_route=\/wp\/v2\/product"}],"about":[{"href":"https:\/\/hugo-chabert.students-laplateforme.io\/WP\/index.php?rest_route=\/wp\/v2\/types\/product"}],"replies":[{"embeddable":true,"href":"https:\/\/hugo-chabert.students-laplateforme.io\/WP\/index.php?rest_route=%2Fwp%2Fv2%2Fcomments&post=74"}],"wp:featuredmedia":[{"embeddable":true,"href":"https:\/\/hugo-chabert.students-laplateforme.io\/WP\/index.php?rest_route=\/wp\/v2\/media\/23"}],"wp:attachment":[{"href":"https:\/\/hugo-chabert.students-laplateforme.io\/WP\/index.php?rest_route=%2Fwp%2Fv2%2Fmedia&parent=74"}],"wp:term":[{"taxonomy":"product_cat","embeddable":true,"href":"https:\/\/hugo-chabert.students-laplateforme.io\/WP\/index.php?rest_route=%2Fwp%2Fv2%2Fproduct_cat&post=74"},{"taxonomy":"product_tag","embeddable":true,"href":"https:\/\/hugo-chabert.students-laplateforme.io\/WP\/index.php?rest_route=%2Fwp%2Fv2%2Fproduct_tag&post=74"}],"curies":[{"name":"wp","href":"https:\/\/api.w.org\/{rel}","templated":true}]}}