{"id":72,"date":"2022-04-27T14:13:50","date_gmt":"2022-04-27T14:13:50","guid":{"rendered":"https:\/\/hugo-chabert.students-laplateforme.io\/WP\/?post_type=product&#038;p=72"},"modified":"2022-04-27T14:13:50","modified_gmt":"2022-04-27T14:13:50","slug":"audi-r8","status":"publish","type":"product","link":"https:\/\/hugo-chabert.students-laplateforme.io\/WP\/?product=audi-r8","title":{"rendered":"Audi R8"},"content":{"rendered":"<p>L&rsquo;<b>Audi R8<\/b>\u00a0est une\u00a0<a title=\"Voiture de sport\" href=\"https:\/\/fr.wikipedia.org\/wiki\/Voiture_de_sport\">voiture de sport<\/a>\u00a0du\u00a0<a title=\"Constructeur automobile\" href=\"https:\/\/fr.wikipedia.org\/wiki\/Constructeur_automobile\">constructeur<\/a>\u00a0allemand\u00a0<a title=\"Audi\" href=\"https:\/\/fr.wikipedia.org\/wiki\/Audi\">Audi<\/a>. C&rsquo;est le premier coup\u00e9\u00a0<a title=\"Grand tourisme\" href=\"https:\/\/fr.wikipedia.org\/wiki\/Grand_tourisme\">GT<\/a>\u00a0deux-places de la marque qui rivalise ainsi avec les marques historiques de ce segment\u00a0:\u00a0<a title=\"Porsche\" href=\"https:\/\/fr.wikipedia.org\/wiki\/Porsche\">Porsche<\/a>,\u00a0<a title=\"Ferrari (entreprise)\" href=\"https:\/\/fr.wikipedia.org\/wiki\/Ferrari_(entreprise)\">Ferrari<\/a>,\u00a0<a title=\"Chevrolet\" href=\"https:\/\/fr.wikipedia.org\/wiki\/Chevrolet\">Chevrolet<\/a>\u00a0ou\u00a0<a title=\"Aston Martin\" href=\"https:\/\/fr.wikipedia.org\/wiki\/Aston_Martin\">Aston Martin<\/a>.<\/p>\n<p>L&rsquo;Audi R8 tire son nom de la\u00a0<a title=\"Audi R8 (voiture de course)\" href=\"https:\/\/fr.wikipedia.org\/wiki\/Audi_R8_(voiture_de_course)\">voiture de course homonyme<\/a>, victorieuse aux\u00a0<a title=\"24 Heures du Mans\" href=\"https:\/\/fr.wikipedia.org\/wiki\/24_Heures_du_Mans\">24 Heures du Mans<\/a>. Le show-car Avus du\u00a0<a class=\"mw-redirect\" title=\"Salon automobile de Francfort\" href=\"https:\/\/fr.wikipedia.org\/wiki\/Salon_automobile_de_Francfort\">salon automobile de Francfort<\/a>\u00a0de 1991, le prototype Audi quattro Spyder<sup id=\"cite_ref-1\" class=\"reference\"><a href=\"https:\/\/fr.wikipedia.org\/wiki\/Audi_R8_(voiture_de_route)#cite_note-1\">1<\/a><\/sup>\u00a0ou encore le\u00a0<a class=\"mw-redirect\" title=\"Concept-car\" href=\"https:\/\/fr.wikipedia.org\/wiki\/Concept-car\">concept-car<\/a>\u00a0Audi Le Mans quattro qui inaugura les\u00a0<a title=\"Diode \u00e9lectroluminescente\" href=\"https:\/\/fr.wikipedia.org\/wiki\/Diode_%C3%A9lectroluminescente\">LED<\/a>, furent les inspirateurs<sup id=\"cite_ref-Driven1_2-0\" class=\"reference\"><a href=\"https:\/\/fr.wikipedia.org\/wiki\/Audi_R8_(voiture_de_route)#cite_note-Driven1-2\">2<\/a><\/sup>\u00a0de la R8 de s\u00e9rie. La R8 fut officiellement pr\u00e9sent\u00e9e au\u00a0<a class=\"mw-redirect\" title=\"Mondial de l'automobile de Paris de 2006\" href=\"https:\/\/fr.wikipedia.org\/wiki\/Mondial_de_l%27automobile_de_Paris_de_2006\">mondial de l&rsquo;automobile de Paris de 2006<\/a>\u00a0et est pr\u00e9sente dans les concessions Audi depuis\u00a0<a title=\"Avril 2007\" href=\"https:\/\/fr.wikipedia.org\/wiki\/Avril_2007\">avril 2007<\/a>. Elle est produite \u00e0\u00a0<a title=\"Neckarsulm\" href=\"https:\/\/fr.wikipedia.org\/wiki\/Neckarsulm\">Neckarsulm<\/a>\u00a0(<a title=\"Bade-Wurtemberg\" href=\"https:\/\/fr.wikipedia.org\/wiki\/Bade-Wurtemberg\">Bade-Wurtemberg<\/a>) en Allemagne\u00a0; sa construction est organis\u00e9e comme dans une manufacture<sup id=\"cite_ref-autosportive_3-0\" class=\"reference\"><a href=\"https:\/\/fr.wikipedia.org\/wiki\/Audi_R8_(voiture_de_route)#cite_note-autosportive-3\">3<\/a><\/sup>\u00a0o\u00f9 des sp\u00e9cialistes v\u00e9rifient la qualit\u00e9 de chaque pi\u00e8ce<sup id=\"cite_ref-4\" class=\"reference\"><a href=\"https:\/\/fr.wikipedia.org\/wiki\/Audi_R8_(voiture_de_route)#cite_note-4\">Note 1<\/a><\/sup>.<\/p>\n","protected":false},"excerpt":{"rendered":"<p>L&rsquo;Audi R8\u00a0est une\u00a0voiture de sport\u00a0du\u00a0constructeur\u00a0allemand\u00a0Audi. C&rsquo;est le premier coup\u00e9\u00a0GT\u00a0deux-places de la marque qui rivalise ainsi avec les marques historiques de ce segment\u00a0:\u00a0Porsche,\u00a0Ferrari,\u00a0Chevrolet\u00a0ou\u00a0Aston Martin. L&rsquo;Audi R8 tire son nom de la\u00a0voiture de course homonyme, victorieuse aux\u00a024 Heures du Mans. Le show-car Avus du\u00a0salon automobile de Francfort\u00a0de 1991, le prototype Audi quattro Spyder1\u00a0ou encore le\u00a0concept-car\u00a0Audi Le Mans [&hellip;]<\/p>\n","protected":false},"featured_media":73,"comment_status":"open","ping_status":"closed","template":"","meta":[],"product_cat":[28],"product_tag":[],"_links":{"self":[{"href":"https:\/\/hugo-chabert.students-laplateforme.io\/WP\/index.php?rest_route=\/wp\/v2\/product\/72"}],"collection":[{"href":"https:\/\/hugo-chabert.students-laplateforme.io\/WP\/index.php?rest_route=\/wp\/v2\/product"}],"about":[{"href":"https:\/\/hugo-chabert.students-laplateforme.io\/WP\/index.php?rest_route=\/wp\/v2\/types\/product"}],"replies":[{"embeddable":true,"href":"https:\/\/hugo-chabert.students-laplateforme.io\/WP\/index.php?rest_route=%2Fwp%2Fv2%2Fcomments&post=72"}],"wp:featuredmedia":[{"embeddable":true,"href":"https:\/\/hugo-chabert.students-laplateforme.io\/WP\/index.php?rest_route=\/wp\/v2\/media\/73"}],"wp:attachment":[{"href":"https:\/\/hugo-chabert.students-laplateforme.io\/WP\/index.php?rest_route=%2Fwp%2Fv2%2Fmedia&parent=72"}],"wp:term":[{"taxonomy":"product_cat","embeddable":true,"href":"https:\/\/hugo-chabert.students-laplateforme.io\/WP\/index.php?rest_route=%2Fwp%2Fv2%2Fproduct_cat&post=72"},{"taxonomy":"product_tag","embeddable":true,"href":"https:\/\/hugo-chabert.students-laplateforme.io\/WP\/index.php?rest_route=%2Fwp%2Fv2%2Fproduct_tag&post=72"}],"curies":[{"name":"wp","href":"https:\/\/api.w.org\/{rel}","templated":true}]}}