{"id":68,"date":"2022-04-27T14:04:47","date_gmt":"2022-04-27T14:04:47","guid":{"rendered":"https:\/\/hugo-chabert.students-laplateforme.io\/WP\/?post_type=product&#038;p=68"},"modified":"2022-04-27T14:04:47","modified_gmt":"2022-04-27T14:04:47","slug":"citroen-208-gt-line","status":"publish","type":"product","link":"https:\/\/hugo-chabert.students-laplateforme.io\/WP\/?product=citroen-208-gt-line","title":{"rendered":"Citro\u00ebn 208 GT-LINE"},"content":{"rendered":"<p>La\u00a0<b>208<\/b>\u00a0est une voiture de\u00a0<a title=\"Segment automobile\" href=\"https:\/\/fr.wikipedia.org\/wiki\/Segment_automobile#Segment_B_ou_B2_:_%C2%AB_citadines_\/_polyvalentes_%C2%BB_ou_%C2%AB_sous-compactes_%C2%BB\">segment B<\/a>\u00a0produite par le\u00a0<a title=\"Constructeur automobile\" href=\"https:\/\/fr.wikipedia.org\/wiki\/Constructeur_automobile\">constructeur automobile<\/a>\u00a0<a title=\"France\" href=\"https:\/\/fr.wikipedia.org\/wiki\/France\">fran\u00e7ais<\/a>\u00a0<a title=\"Peugeot\" href=\"https:\/\/fr.wikipedia.org\/wiki\/Peugeot\">Peugeot<\/a>\u00a0et commercialis\u00e9e \u00e0 partir du\u00a0<time class=\"nowrap\" datetime=\"2019-10-06\" data-sort-value=\"2019-10-06\">6 octobre 2019<\/time>. Elle est la seconde g\u00e9n\u00e9ration de\u00a0<a class=\"mw-disambig\" title=\"Peugeot 208\" href=\"https:\/\/fr.wikipedia.org\/wiki\/Peugeot_208\">Peugeot 208<\/a>, et succ\u00e8de \u00e0 la\u00a0<a title=\"Peugeot 208 I\" href=\"https:\/\/fr.wikipedia.org\/wiki\/Peugeot_208_I\">premi\u00e8re g\u00e9n\u00e9ration<\/a>\u00a0produite de 2012 \u00e0 2019. Elle est \u00e9lue\u00a0<a title=\"Troph\u00e9e europ\u00e9en de la voiture de l'ann\u00e9e\" href=\"https:\/\/fr.wikipedia.org\/wiki\/Troph%C3%A9e_europ%C3%A9en_de_la_voiture_de_l%27ann%C3%A9e\">voiture europ\u00e9enne de l&rsquo;ann\u00e9e<\/a>\u00a02020<sup id=\"cite_ref-2\" class=\"reference\"><a href=\"https:\/\/fr.wikipedia.org\/wiki\/Peugeot_208_II#cite_note-2\">2<\/a><\/sup>.<\/p>\n","protected":false},"excerpt":{"rendered":"<p>La\u00a0208\u00a0est une voiture de\u00a0segment B\u00a0produite par le\u00a0constructeur automobile\u00a0fran\u00e7ais\u00a0Peugeot\u00a0et commercialis\u00e9e \u00e0 partir du\u00a06 octobre 2019. Elle est la seconde g\u00e9n\u00e9ration de\u00a0Peugeot 208, et succ\u00e8de \u00e0 la\u00a0premi\u00e8re g\u00e9n\u00e9ration\u00a0produite de 2012 \u00e0 2019. Elle est \u00e9lue\u00a0voiture europ\u00e9enne de l&rsquo;ann\u00e9e\u00a020202.<\/p>\n","protected":false},"featured_media":69,"comment_status":"open","ping_status":"closed","template":"","meta":[],"product_cat":[26],"product_tag":[],"_links":{"self":[{"href":"https:\/\/hugo-chabert.students-laplateforme.io\/WP\/index.php?rest_route=\/wp\/v2\/product\/68"}],"collection":[{"href":"https:\/\/hugo-chabert.students-laplateforme.io\/WP\/index.php?rest_route=\/wp\/v2\/product"}],"about":[{"href":"https:\/\/hugo-chabert.students-laplateforme.io\/WP\/index.php?rest_route=\/wp\/v2\/types\/product"}],"replies":[{"embeddable":true,"href":"https:\/\/hugo-chabert.students-laplateforme.io\/WP\/index.php?rest_route=%2Fwp%2Fv2%2Fcomments&post=68"}],"wp:featuredmedia":[{"embeddable":true,"href":"https:\/\/hugo-chabert.students-laplateforme.io\/WP\/index.php?rest_route=\/wp\/v2\/media\/69"}],"wp:attachment":[{"href":"https:\/\/hugo-chabert.students-laplateforme.io\/WP\/index.php?rest_route=%2Fwp%2Fv2%2Fmedia&parent=68"}],"wp:term":[{"taxonomy":"product_cat","embeddable":true,"href":"https:\/\/hugo-chabert.students-laplateforme.io\/WP\/index.php?rest_route=%2Fwp%2Fv2%2Fproduct_cat&post=68"},{"taxonomy":"product_tag","embeddable":true,"href":"https:\/\/hugo-chabert.students-laplateforme.io\/WP\/index.php?rest_route=%2Fwp%2Fv2%2Fproduct_tag&post=68"}],"curies":[{"name":"wp","href":"https:\/\/api.w.org\/{rel}","templated":true}]}}