{"id":66,"date":"2022-04-27T14:00:18","date_gmt":"2022-04-27T14:00:18","guid":{"rendered":"https:\/\/hugo-chabert.students-laplateforme.io\/WP\/?post_type=product&#038;p=66"},"modified":"2022-04-27T14:01:37","modified_gmt":"2022-04-27T14:01:37","slug":"peugeot-205-gti","status":"publish","type":"product","link":"https:\/\/hugo-chabert.students-laplateforme.io\/WP\/?product=peugeot-205-gti","title":{"rendered":"Peugeot 205 GTI"},"content":{"rendered":"<p>La\u00a0<b>Peugeot 205<\/b>\u00a0est un mod\u00e8le\u00a0<a title=\"Automobile\" href=\"https:\/\/fr.wikipedia.org\/wiki\/Automobile\">automobile<\/a>\u00a0du\u00a0<a title=\"Segment automobile\" href=\"https:\/\/fr.wikipedia.org\/wiki\/Segment_automobile#Segment_B_ou_B2_:_%C2%AB_citadines_\/_polyvalentes_%C2%BB_ou_%C2%AB_sous-compactes_%C2%BB\">segment B<\/a>\u00a0produit par le\u00a0<a title=\"Constructeur automobile\" href=\"https:\/\/fr.wikipedia.org\/wiki\/Constructeur_automobile\">constructeur<\/a>\u00a0fran\u00e7ais\u00a0<a title=\"Peugeot\" href=\"https:\/\/fr.wikipedia.org\/wiki\/Peugeot\">Peugeot<\/a>. Elle est l&rsquo;un des mod\u00e8les phares du constructeur, qui le sauve d&rsquo;une situation financi\u00e8re d\u00e9licate apr\u00e8s l&rsquo;achat de\u00a0<a title=\"Chrysler Europe\" href=\"https:\/\/fr.wikipedia.org\/wiki\/Chrysler_Europe\">Chrysler Europe<\/a>. Elle est fabriqu\u00e9e de\u00a0<a title=\"1983\" href=\"https:\/\/fr.wikipedia.org\/wiki\/1983\">1983<\/a>\u00a0\u00e0\u00a0<a title=\"1998\" href=\"https:\/\/fr.wikipedia.org\/wiki\/1998\">1998<\/a>\u00a0\u00e0 5\u00a0278\u00a0300\u00a0exemplaires, ce qui fait d&rsquo;elle la Peugeot la plus produite jusqu&rsquo;\u00e0 ce que la\u00a0<a title=\"Peugeot 206\" href=\"https:\/\/fr.wikipedia.org\/wiki\/Peugeot_206\">206<\/a>\u00a0la d\u00e9passe. Elle est\u00a0<a class=\"mw-redirect\" title=\"Historique des voitures les plus vendues en France\" href=\"https:\/\/fr.wikipedia.org\/wiki\/Historique_des_voitures_les_plus_vendues_en_France\">la voiture la plus vendue en France<\/a>\u00a0en 1984 et 1985, succ\u00e9dant \u00e0 la\u00a0<a title=\"Renault 5\" href=\"https:\/\/fr.wikipedia.org\/wiki\/Renault_5\">Renault 5<\/a>, et de nouveau en 1990<sup id=\"cite_ref-1\" class=\"reference\"><a href=\"https:\/\/fr.wikipedia.org\/wiki\/Peugeot_205#cite_note-1\">1<\/a><\/sup>, disputant la premi\u00e8re place \u00e0 sa principale rivale, la\u00a0<a title=\"Renault Supercinq\" href=\"https:\/\/fr.wikipedia.org\/wiki\/Renault_Supercinq\">Renault Supercinq<\/a>.<\/p>\n","protected":false},"excerpt":{"rendered":"<p>La\u00a0Peugeot 205\u00a0est un mod\u00e8le\u00a0automobile\u00a0du\u00a0segment B\u00a0produit par le\u00a0constructeur\u00a0fran\u00e7ais\u00a0Peugeot. Elle est l&rsquo;un des mod\u00e8les phares du constructeur, qui le sauve d&rsquo;une situation financi\u00e8re d\u00e9licate apr\u00e8s l&rsquo;achat de\u00a0Chrysler Europe. Elle est fabriqu\u00e9e de\u00a01983\u00a0\u00e0\u00a01998\u00a0\u00e0 5\u00a0278\u00a0300\u00a0exemplaires, ce qui fait d&rsquo;elle la Peugeot la plus produite jusqu&rsquo;\u00e0 ce que la\u00a0206\u00a0la d\u00e9passe. Elle est\u00a0la voiture la plus vendue en France\u00a0en 1984 et [&hellip;]<\/p>\n","protected":false},"featured_media":67,"comment_status":"open","ping_status":"closed","template":"","meta":[],"product_cat":[26],"product_tag":[],"_links":{"self":[{"href":"https:\/\/hugo-chabert.students-laplateforme.io\/WP\/index.php?rest_route=\/wp\/v2\/product\/66"}],"collection":[{"href":"https:\/\/hugo-chabert.students-laplateforme.io\/WP\/index.php?rest_route=\/wp\/v2\/product"}],"about":[{"href":"https:\/\/hugo-chabert.students-laplateforme.io\/WP\/index.php?rest_route=\/wp\/v2\/types\/product"}],"replies":[{"embeddable":true,"href":"https:\/\/hugo-chabert.students-laplateforme.io\/WP\/index.php?rest_route=%2Fwp%2Fv2%2Fcomments&post=66"}],"wp:featuredmedia":[{"embeddable":true,"href":"https:\/\/hugo-chabert.students-laplateforme.io\/WP\/index.php?rest_route=\/wp\/v2\/media\/67"}],"wp:attachment":[{"href":"https:\/\/hugo-chabert.students-laplateforme.io\/WP\/index.php?rest_route=%2Fwp%2Fv2%2Fmedia&parent=66"}],"wp:term":[{"taxonomy":"product_cat","embeddable":true,"href":"https:\/\/hugo-chabert.students-laplateforme.io\/WP\/index.php?rest_route=%2Fwp%2Fv2%2Fproduct_cat&post=66"},{"taxonomy":"product_tag","embeddable":true,"href":"https:\/\/hugo-chabert.students-laplateforme.io\/WP\/index.php?rest_route=%2Fwp%2Fv2%2Fproduct_tag&post=66"}],"curies":[{"name":"wp","href":"https:\/\/api.w.org\/{rel}","templated":true}]}}