{"id":63,"date":"2022-04-27T13:57:08","date_gmt":"2022-04-27T13:57:08","guid":{"rendered":"https:\/\/hugo-chabert.students-laplateforme.io\/WP\/?post_type=product&#038;p=63"},"modified":"2022-04-27T13:57:08","modified_gmt":"2022-04-27T13:57:08","slug":"toyota-ae86-trueno","status":"publish","type":"product","link":"https:\/\/hugo-chabert.students-laplateforme.io\/WP\/?product=toyota-ae86-trueno","title":{"rendered":"Toyota AE86 Trueno"},"content":{"rendered":"<p>La\u00a0<b>Corolla Levin\/Sprinter Trueno (AE86)<\/b>\u00a0est un petit coup\u00e9 introduit par\u00a0<a class=\"mw-redirect\" title=\"Toyota (entreprise)\" href=\"https:\/\/fr.wikipedia.org\/wiki\/Toyota_(entreprise)\">Toyota<\/a>\u00a0en\u00a0<a title=\"1983\" href=\"https:\/\/fr.wikipedia.org\/wiki\/1983\">1983<\/a>\u00a0en tant qu\u2019\u00e9l\u00e9ment de la ligne\u00a0<a title=\"Toyota Corolla E80\" href=\"https:\/\/fr.wikipedia.org\/wiki\/Toyota_Corolla_E80\">Corolla de\u00a0<abbr class=\"abbr\" title=\"Cinqui\u00e8me\">5<sup>e<\/sup><\/abbr>\u00a0g\u00e9n\u00e9ration<\/a>. Pour simplifier, le code ch\u00e2ssis-int\u00e9rieur \u00ab\u00a0AE86\u00a0\u00bb est utilis\u00e9 pour d\u00e9crire la gamme enti\u00e8re. Dans la classification classique de\u00a0<a class=\"mw-redirect\" title=\"Toyota (entreprise)\" href=\"https:\/\/fr.wikipedia.org\/wiki\/Toyota_(entreprise)\">Toyota<\/a>, le \u00ab\u00a0A\u00a0\u00bb repr\u00e9sente le moteur mont\u00e9 dans la voiture (le 4A) et le E86 repr\u00e9sente la\u00a0<abbr class=\"abbr\" title=\"Sixi\u00e8me\">6<sup>e<\/sup><\/abbr>\u00a0r\u00e9vision de la\u00a0<abbr class=\"abbr\" title=\"Cinqui\u00e8me\">5<sup>e<\/sup><\/abbr> g\u00e9n\u00e9ration (s\u00e9rie E80) du mod\u00e8le E qui est la Corolla.<\/p>\n","protected":false},"excerpt":{"rendered":"<p>La\u00a0Corolla Levin\/Sprinter Trueno (AE86)\u00a0est un petit coup\u00e9 introduit par\u00a0Toyota\u00a0en\u00a01983\u00a0en tant qu\u2019\u00e9l\u00e9ment de la ligne\u00a0Corolla de\u00a05e\u00a0g\u00e9n\u00e9ration. Pour simplifier, le code ch\u00e2ssis-int\u00e9rieur \u00ab\u00a0AE86\u00a0\u00bb est utilis\u00e9 pour d\u00e9crire la gamme enti\u00e8re. Dans la classification classique de\u00a0Toyota, le \u00ab\u00a0A\u00a0\u00bb repr\u00e9sente le moteur mont\u00e9 dans la voiture (le 4A) et le E86 repr\u00e9sente la\u00a06e\u00a0r\u00e9vision de la\u00a05e g\u00e9n\u00e9ration (s\u00e9rie E80) du [&hellip;]<\/p>\n","protected":false},"featured_media":64,"comment_status":"open","ping_status":"closed","template":"","meta":[],"product_cat":[24],"product_tag":[],"_links":{"self":[{"href":"https:\/\/hugo-chabert.students-laplateforme.io\/WP\/index.php?rest_route=\/wp\/v2\/product\/63"}],"collection":[{"href":"https:\/\/hugo-chabert.students-laplateforme.io\/WP\/index.php?rest_route=\/wp\/v2\/product"}],"about":[{"href":"https:\/\/hugo-chabert.students-laplateforme.io\/WP\/index.php?rest_route=\/wp\/v2\/types\/product"}],"replies":[{"embeddable":true,"href":"https:\/\/hugo-chabert.students-laplateforme.io\/WP\/index.php?rest_route=%2Fwp%2Fv2%2Fcomments&post=63"}],"wp:featuredmedia":[{"embeddable":true,"href":"https:\/\/hugo-chabert.students-laplateforme.io\/WP\/index.php?rest_route=\/wp\/v2\/media\/64"}],"wp:attachment":[{"href":"https:\/\/hugo-chabert.students-laplateforme.io\/WP\/index.php?rest_route=%2Fwp%2Fv2%2Fmedia&parent=63"}],"wp:term":[{"taxonomy":"product_cat","embeddable":true,"href":"https:\/\/hugo-chabert.students-laplateforme.io\/WP\/index.php?rest_route=%2Fwp%2Fv2%2Fproduct_cat&post=63"},{"taxonomy":"product_tag","embeddable":true,"href":"https:\/\/hugo-chabert.students-laplateforme.io\/WP\/index.php?rest_route=%2Fwp%2Fv2%2Fproduct_tag&post=63"}],"curies":[{"name":"wp","href":"https:\/\/api.w.org\/{rel}","templated":true}]}}