{"id":2,"date":"2016-05-10T03:48:21","date_gmt":"2016-05-10T03:48:21","guid":{"rendered":"https:\/\/hugo-chabert.students-laplateforme.io\/WP\/?page_id=2"},"modified":"2023-06-05T05:33:48","modified_gmt":"2023-06-05T05:33:48","slug":"sample-page","status":"publish","type":"page","link":"https:\/\/hugo-chabert.students-laplateforme.io\/WP\/?page_id=2","title":{"rendered":"A propos"},"content":{"rendered":"<p>Nous sommes un jeune entreprise de revente d&rsquo;automobile. Cr\u00e9\u00e9e le 29 Mai 2023, BIG_Car est souvent appel\u00e9 Champion du Monde.<\/p>\n<blockquote><p>Nous vous proposons une multitude de mod\u00e8les diverse et vari\u00e9s.<\/p>\n<p>N&rsquo;h\u00e9sitez pas \u00e0 faire un tour dans la boutique m\u00eame si vous n&rsquo;avez pas l&rsquo;obtique d&rsquo;acheter une voiture (\u00e7a fait toujours du bien aux yeux).<\/p><\/blockquote>\n<p>Nous comptons ouvrir des ateliers partout dans le monde d&rsquo;ici 2027.<\/p>\n","protected":false},"excerpt":{"rendered":"<p>Nous sommes un jeune entreprise de revente d&rsquo;automobile. Cr\u00e9\u00e9e le 29 Mai 2023, BIG_Car est souvent appel\u00e9 Champion du Monde. Nous vous proposons une multitude de mod\u00e8les diverse et vari\u00e9s. N&rsquo;h\u00e9sitez pas \u00e0 faire un tour dans la boutique m\u00eame si vous n&rsquo;avez pas l&rsquo;obtique d&rsquo;acheter une voiture (\u00e7a fait toujours du bien aux yeux). [&hellip;]<\/p>\n","protected":false},"author":1,"featured_media":0,"parent":0,"menu_order":0,"comment_status":"closed","ping_status":"open","template":"","meta":[],"_links":{"self":[{"href":"https:\/\/hugo-chabert.students-laplateforme.io\/WP\/index.php?rest_route=\/wp\/v2\/pages\/2"}],"collection":[{"href":"https:\/\/hugo-chabert.students-laplateforme.io\/WP\/index.php?rest_route=\/wp\/v2\/pages"}],"about":[{"href":"https:\/\/hugo-chabert.students-laplateforme.io\/WP\/index.php?rest_route=\/wp\/v2\/types\/page"}],"author":[{"embeddable":true,"href":"https:\/\/hugo-chabert.students-laplateforme.io\/WP\/index.php?rest_route=\/wp\/v2\/users\/1"}],"replies":[{"embeddable":true,"href":"https:\/\/hugo-chabert.students-laplateforme.io\/WP\/index.php?rest_route=%2Fwp%2Fv2%2Fcomments&post=2"}],"version-history":[{"count":2,"href":"https:\/\/hugo-chabert.students-laplateforme.io\/WP\/index.php?rest_route=\/wp\/v2\/pages\/2\/revisions"}],"predecessor-version":[{"id":83,"href":"https:\/\/hugo-chabert.students-laplateforme.io\/WP\/index.php?rest_route=\/wp\/v2\/pages\/2\/revisions\/83"}],"wp:attachment":[{"href":"https:\/\/hugo-chabert.students-laplateforme.io\/WP\/index.php?rest_route=%2Fwp%2Fv2%2Fmedia&parent=2"}],"curies":[{"name":"wp","href":"https:\/\/api.w.org\/{rel}","templated":true}]}}